{"id":582,"date":"2025-01-30T19:56:39","date_gmt":"2025-01-30T19:56:39","guid":{"rendered":"https:\/\/nou.hmmanagement.ro\/?page_id=582"},"modified":"2025-01-30T19:57:16","modified_gmt":"2025-01-30T19:57:16","slug":"termeni-cookies-gdpr","status":"publish","type":"page","link":"https:\/\/hmmanagement.ro\/en\/termeni-cookies-gdpr\/","title":{"rendered":"Termeni, Cookies, Gdpr"},"content":{"rendered":"<div data-elementor-type=\"wp-page\" data-elementor-id=\"582\" class=\"elementor elementor-582\">\n\t\t\t\t\t\t<section class=\"elementor-section elementor-top-section elementor-element elementor-element-3e42af5 pbmit-col-stretched-none pbmit-cursor-color-blackish-color pbmit-bg-color-over-image elementor-section-boxed elementor-section-height-default elementor-section-height-default\" data-id=\"3e42af5\" data-element_type=\"section\">\n\t\t\t\t\t\t<div class=\"elementor-container elementor-column-gap-default\">\n\t\t\t\t\t<div class=\"elementor-column elementor-col-100 elementor-top-column elementor-element elementor-element-22a3bb3 pbmit-bg-color-over-image\" data-id=\"22a3bb3\" data-element_type=\"column\">\n\t\t\t<div class=\"elementor-widget-wrap elementor-element-populated\">\n\t\t\t\t\t\t<div class=\"elementor-element elementor-element-513577e elementor-widget elementor-widget-text-editor\" data-id=\"513577e\" data-element_type=\"widget\" data-widget_type=\"text-editor.default\">\n\t\t\t\t<div class=\"elementor-widget-container\">\n\t\t\t\t\t\t\t\t\t<p>Dac\u0103 utilizezi serviciile oferite de siteul\u00a0https:\/\/hmmanagement.ro\/\u00a0\u00eenseamn\u0103 c\u0103 e\u015fti de acord cu termenii \u015fi condi\u0163iile de mai jos.<\/p><p>https:\/\/hmmanagement.ro\u00a0este un site al societ\u0103\u021bii comerciale Hitch&amp;Mosher SRL. Accesarea acestui site ori a oric\u0103rei p\u0103r\u0163i din acest site presupune acordul tacit cu termenii ce urmeaz\u0103.<\/p><p><strong>Politica de confiden\u021bialitate<\/strong><\/p><p>Politica de confiden\u0163ialitate se refer\u0103 la colectarea \u015fi utilizarea informa\u0163iilor personale pe care ni le furniza\u0163i atunci c\u00e2nd vizita\u0163i acest sit.<\/p><p>Acest document stabile\u015fte reguli care privesc exclusiv situl\u00a0https:\/\/hmmanagement.ro\/\u00a0\u015fi nu au nici un efect asupra siturilor c\u0103tre care avem leg\u0103turi din situl\u00a0https:\/\/hmmanagement.ro\/\u00a0sau care au leg\u0103turi c\u0103tre\u00a0https:\/\/hmmanagement.ro\/<\/p><p>Ne rezerv\u0103m dreptul de a modifica sau \u00eendep\u0103rta la liber\u0103 alegere por\u0163iuni ale Politicii de confiden\u0163ialitate. Ve\u0163i g\u0103si de fiecare dat\u0103 ultima variant\u0103 a acestei Politici la aceast\u0103 adres\u0103 \u00eempreun\u0103 cu data ultimei modific\u0103ri.<\/p><p><strong>Informa\u021bii colectate<\/strong><\/p><p>Datele personale sunt colectate doar dac\u0103 completa\u021bi anumite formulare, trimite\u021bi emailuri sau solicita\u021bi informa\u021bii \u00een leg\u0103tur\u0103 cu anumite aspecte. Baza de date cu aceste informa\u021bii se vor p\u0103stra \u00een condi\u021bii de siguran\u021b\u0103. Nu vom transmite datele dumneavoastr\u0103 personale c\u0103tre o ter\u021b\u0103 parte. SC Hitch Mosher SRL protejeaza dreptul la intimitate al tuturor utilizatorilor site-ului\u00a0https:\/\/hmmanagement.ro\/\u00a0cu respectarea prevederilor Legii nr. 677\/2001 pentru protec\u021bia persoanelor cu privire la prelucrarea datelor cu caracter personal \u0219i libera circula\u021bie a acestor date.<\/p><p>Aceste informa\u021bii sunt folosite \u00een scopul exclusiv de a \u00eembun\u0103t\u0103\u021bi calitatea serviciilor noastre \u0219i de a r\u0103spunde \u00eentreb\u0103rilor dumneavoastr\u0103.\u00a0https:\/\/hmmanagement.ro\/\u00a0\u00ee\u0219i rezerv\u0103 dreptul de a colecta, utiliza, reproduce, trimite informa\u021biile dumneavoastr\u0103 personale pentru scopul aminitit anterior.<\/p><p>Atunci c\u00e2nd vizita\u0163i situl este posibil ca date despre dvs. s\u0103 fie colectate \u015fi de p\u0103r\u0163i ter\u0163e ca de exemplu sisteme de contorizare a traficului \u015fi sisteme de publicitate online.<\/p><p><strong>Leg\u0103turiile externe<\/strong><\/p><p>Nu suntem responsabili pentru practicile utilizate de c\u0103tre site-urile legate la sau de la site-ul nostru sau informa\u021biile con\u021binute de acestea sau con\u021binut.<br \/>V\u0103 rug\u0103m s\u0103 \u021bine\u021bi minte c\u0103 atunci c\u00e2nd folosi\u021bi o leg\u0103tur\u0103 pentru a trece de la pagina noastr\u0103 de internet la un alt site web, politica noastr\u0103 de confiden\u021bialitate nu mai este valabil\u0103. Navigare dvs. \u0219i interac\u021biunea dvs. cu privire la orice alt site de web, inclusiv web site-uri, care au un link pe site-ul nostru, este condi\u021bionat de propriile reguli \u0219i politici acelui site. V\u0103 rug\u0103m sa citi\u021bi acele reguli \u0219i politici, \u00eenainte de a continua navigare pe acele site-uri.<\/p><p><strong>Cookies<\/strong><\/p><p>Site-ul\u00a0https:\/\/hmmanagement.ro\/\u00a0folose\u015fte cookie-uri. Cookie-urile reprezint\u0103 date stocate pe hardul utilizatorului, con\u0163in\u00e2nd informa\u0163ii despre utilizator. Folosirea mecanismului de tip cookie reprezint\u0103 un avantaj \u00een folosul vizitatorilor. Dac\u0103 utilizatorul rejecteaz\u0103 un cookie, poate s\u0103 utilizeze \u00een continuare site-ul\u00a0https:\/\/hmmanagement.ro\/. Cookie-urile ne ajut\u0103 la urm\u0103rirea \u015fi segmentarea intereselor utilizatorilor no\u015ftri, pentru a intensifica experien\u0163a vizit\u0103rii site-ului nostru.<\/p><p><strong>Securitate<\/strong><\/p><p>Acest site adopt\u0103 toate m\u0103surile de securitate pentru a proteja informa\u021biile personale ale utilizatorilor no\u0219tri. \u00cen momentul complet\u0103rii datelor personale pe site-ul nostru, informa\u021biile vor fi protejate at\u00e2t off-line c\u00e2t \u0219i online.<\/p><p><strong>Optiunea de dezabonare<\/strong><\/p><p>Utilizatorii au posibilitatea de a se dezabona \u00een momentul \u00een care nu mai doresc s\u0103 primeasc\u0103 newsletterul folosind linkul de dezabonare con\u021binut \u00een email.<\/p><p><strong>Probleme sau \u00eentreb\u0103ri<\/strong><\/p><p>Orice probleme legate de\u00a0https:\/\/hmmanagement.ro\/\u00a0vor fi luate \u00een serios \u015fi vom \u00eencerca s\u0103 le rezolv\u0103m. Pentru orice alte \u00eentreb\u0103ri legate de politica noastr\u0103 de securitate a datelor, sau dac\u0103 ave\u0163i probleme sau reclama\u0163ii, v\u0103 rug\u0103m s\u0103 ne contacta\u0163i.<\/p><p>\u00a0<\/p><p>\u00a0<\/p>\t\t\t\t\t\t\t\t<\/div>\n\t\t\t\t<\/div>\n\t\t\t\t\t<\/div>\n\t\t<\/div>\n\t\t\t\t\t<\/div>\n\t\t<\/section>\n\t\t\t\t<\/div>","protected":false},"excerpt":{"rendered":"<p>Dac\u0103 utilizezi serviciile oferite de siteul\u00a0https:\/\/hmmanagement.ro\/\u00a0\u00eenseamn\u0103 c\u0103 e\u015fti de acord cu termenii \u015fi condi\u0163iile de mai jos. https:\/\/hmmanagement.ro\u00a0este un site al societ\u0103\u021bii comerciale Hitch&amp;Mosher SRL. Accesarea acestui site ori a oric\u0103rei p\u0103r\u0163i din acest site presupune acordul tacit cu termenii ce urmeaz\u0103. Politica de confiden\u021bialitate Politica de confiden\u0163ialitate se refer\u0103 la colectarea \u015fi utilizarea informa\u0163iilor [&hellip;]<\/p>","protected":false},"author":1,"featured_media":0,"parent":0,"menu_order":0,"comment_status":"closed","ping_status":"closed","template":"","meta":{"_acf_changed":false,"footnotes":""},"class_list":["post-582","page","type-page","status-publish","hentry"],"acf":[],"_links":{"self":[{"href":"https:\/\/hmmanagement.ro\/en\/wp-json\/wp\/v2\/pages\/582","targetHints":{"allow":["GET"]}}],"collection":[{"href":"https:\/\/hmmanagement.ro\/en\/wp-json\/wp\/v2\/pages"}],"about":[{"href":"https:\/\/hmmanagement.ro\/en\/wp-json\/wp\/v2\/types\/page"}],"author":[{"embeddable":true,"href":"https:\/\/hmmanagement.ro\/en\/wp-json\/wp\/v2\/users\/1"}],"replies":[{"embeddable":true,"href":"https:\/\/hmmanagement.ro\/en\/wp-json\/wp\/v2\/comments?post=582"}],"version-history":[{"count":3,"href":"https:\/\/hmmanagement.ro\/en\/wp-json\/wp\/v2\/pages\/582\/revisions"}],"predecessor-version":[{"id":585,"href":"https:\/\/hmmanagement.ro\/en\/wp-json\/wp\/v2\/pages\/582\/revisions\/585"}],"wp:attachment":[{"href":"https:\/\/hmmanagement.ro\/en\/wp-json\/wp\/v2\/media?parent=582"}],"curies":[{"name":"wp","href":"https:\/\/api.w.org\/{rel}","templated":true}]}}