{"id":80,"date":"2020-06-05T06:07:07","date_gmt":"2020-06-05T06:07:07","guid":{"rendered":"http:\/\/attorly-demo.pbminfotech.com\/attorly-datasite-2\/?page_id=12952"},"modified":"2025-01-30T06:30:37","modified_gmt":"2025-01-30T06:30:37","slug":"blog-grid-view","status":"publish","type":"page","link":"https:\/\/hmmanagement.ro\/en\/blog-grid-view\/","title":{"rendered":"Blog Grid View"},"content":{"rendered":"<div data-elementor-type=\"wp-page\" data-elementor-id=\"80\" class=\"elementor elementor-80\">\n\t\t\t\t\t\t<div class=\"elementor-section elementor-top-section elementor-element elementor-element-d937f83 pbmit-col-stretched-none pbmit-cursor-color-blackish-color pbmit-bg-color-over-image elementor-section-boxed elementor-section-height-default elementor-section-height-default\" data-id=\"d937f83\" data-element_type=\"section\">\n\t\t\t\t\t\t<div class=\"elementor-container elementor-column-gap-no\">\n\t\t\t\t\t<div class=\"elementor-column elementor-col-100 elementor-top-column elementor-element elementor-element-e7d17d3 pbmit-bg-color-over-image\" data-id=\"e7d17d3\" data-element_type=\"column\">\n\t\t\t<div class=\"elementor-widget-wrap elementor-element-populated\">\n\t\t\t\t\t\t<div class=\"elementor-element elementor-element-466ebc9 pbmit-align-center elementor-widget elementor-widget-pbmit_blog_element\" data-id=\"466ebc9\" data-element_type=\"widget\" data-widget_type=\"pbmit_blog_element.default\">\n\t\t\t\t<div class=\"elementor-widget-container\">\n\t\t\t\t\t\r\n\t\t<div class=\"pbminfotech-element pbminfotech-element-blog pbmit-element-blog-style-1 pbmit-element-viewtype-row-column pbmit-element-sticky-carousel-false pbminfotech-gap-30px pbmit-infinite-scroll-no pbmit-infinite-scroll-button-no\" data-cpt=\"blog\" data-totalpagination=\"1\" data-style=\"1\" data-show=\"9\" data-columns=\"3\" data-loop=\"false\" data-autoplay=\"false\" data-center=\"false\" data-nav=\"false\" data-dots=\"false\" data-reverse=\"false\" data-autoplayspeed=\"1000\" data-margin=\"30px\"><div class=\"pbmit-element-inner\"><div class=\"pbmit-infinite-scroll-data\">{\"cpt\":\"blog\",\"style\":\"1\",\"columns\":\"3\",\"show\":9,\"order\":\"DESC\",\"orderby\":\"DESC\"}<\/div>\t\t\t\t<div class=\"pbmit-ele-header-area\">\r\n\t\t\t\t\t\t<div class=\"pbmit-heading-subheading center pbmit-reverse-heading-yes animation-style1\"><\/div>\r\n\t\t\t\t\t\t\t\t\t<\/div>\r\n\t\t\t\t<div class=\"pbmit-element-posts-wrapper\">\r\n\t\t\t\t<div class=\"swiper-wrapper row multi-columns-row\">\r\n\r\n\t\t\t\t\t<article class=\"pbmit-ele pbmit-ele-blog pbmit-blog-style-1 col-md-4 raportare pbmit-term-44 pbmit-odd pbmit-col-odd\"><div class=\"post-item\">\r\n\t<div class=\"pbmit-featured-container\">\r\n\t\t<div class=\"pbmit-featured-img-wrapper\"><div class=\"pbmit-featured-wrapper\"><a href=\"https:\/\/hmmanagement.ro\/en\/2025\/01\/31\/de-ce-raportarea-eficienta-este-cheia-unei-administrari-corecte-a-proprietatii\/\"><img fetchpriority=\"high\" decoding=\"async\" width=\"800\" height=\"700\" src=\"https:\/\/hmmanagement.ro\/wp-content\/uploads\/2025\/01\/blog-3-800x700.jpg\" class=\"attachment-pbmit-img-800x700 size-pbmit-img-800x700 wp-post-image\" alt=\"\" srcset=\"https:\/\/hmmanagement.ro\/wp-content\/uploads\/2025\/01\/blog-3-800x700.jpg 800w, https:\/\/hmmanagement.ro\/wp-content\/uploads\/2025\/01\/blog-3-890x780.jpg 890w\" sizes=\"(max-width: 800px) 100vw, 800px\" \/><\/a><\/div><\/div>\t<\/div>\r\n\t<div class=\"pbminfotech-box-content\">\r\n\t\t<div class=\"pbmit-meta-container\">\r\n\t\t\t<span class=\"pbmit-date-wrapper pbmit-meta-line\">\r\n\t\t\t\t<span class=\"pbmit-post-date\">January . 31 . 2025<\/span>\r\n\t\t\t<\/span>\r\n\t\t\t<span class=\"pbmit-meta-category pbmit-meta-line\"><a href=\"https:\/\/hmmanagement.ro\/en\/category\/raportare\/\" rel=\"category tag\">Reporting<\/a><\/span>\r\n\t\t<\/div>\r\n\t\t<div class=\"pbmit-box-content-wrapper\">\t\r\n\t\t\t<h3 class=\"pbmit-post-title\"><a href=\"https:\/\/hmmanagement.ro\/en\/2025\/01\/31\/de-ce-raportarea-eficienta-este-cheia-unei-administrari-corecte-a-proprietatii\/\">Transparent Reporting for Business Success<\/a><\/h3>\r\n\t\t\t<div class=\"pbminfotech-box-desc-text\">\r\n\t\t\t\t\u00cen orice afacere, informa\u021biile clare \u0219i bine structurate sunt esen\u021biale&hellip;\t\t\t<\/div>\r\n\t\t\t\t\t<\/div>\r\n\t<\/div>\r\n<\/div><\/article><article class=\"pbmit-ele pbmit-ele-blog pbmit-blog-style-1 col-md-4 servicii-de-gestionare-a-proprietatii pbmit-term-1 pbmit-even pbmit-col-odd\"><div class=\"post-item\">\r\n\t<div class=\"pbmit-featured-container\">\r\n\t\t<div class=\"pbmit-featured-img-wrapper\"><div class=\"pbmit-featured-wrapper\"><a href=\"https:\/\/hmmanagement.ro\/en\/2025\/01\/31\/secretul-unui-management-eficient-al-proprietatilor-comerciale-si-industriale\/\"><img decoding=\"async\" width=\"800\" height=\"700\" src=\"https:\/\/hmmanagement.ro\/wp-content\/uploads\/2025\/01\/blog-2-800x700.jpg\" class=\"attachment-pbmit-img-800x700 size-pbmit-img-800x700 wp-post-image\" alt=\"\" srcset=\"https:\/\/hmmanagement.ro\/wp-content\/uploads\/2025\/01\/blog-2-800x700.jpg 800w, https:\/\/hmmanagement.ro\/wp-content\/uploads\/2025\/01\/blog-2-890x780.jpg 890w\" sizes=\"(max-width: 800px) 100vw, 800px\" \/><\/a><\/div><\/div>\t<\/div>\r\n\t<div class=\"pbminfotech-box-content\">\r\n\t\t<div class=\"pbmit-meta-container\">\r\n\t\t\t<span class=\"pbmit-date-wrapper pbmit-meta-line\">\r\n\t\t\t\t<span class=\"pbmit-post-date\">January . 31 . 2025<\/span>\r\n\t\t\t<\/span>\r\n\t\t\t<span class=\"pbmit-meta-category pbmit-meta-line\"><a href=\"https:\/\/hmmanagement.ro\/en\/category\/servicii-de-gestionare-a-proprietatii\/\" rel=\"category tag\">Property Management Services<\/a><\/span>\r\n\t\t<\/div>\r\n\t\t<div class=\"pbmit-box-content-wrapper\">\t\r\n\t\t\t<h3 class=\"pbmit-post-title\"><a href=\"https:\/\/hmmanagement.ro\/en\/2025\/01\/31\/secretul-unui-management-eficient-al-proprietatilor-comerciale-si-industriale\/\">Property Management Systems for Happy Tenants<\/a><\/h3>\r\n\t\t\t<div class=\"pbminfotech-box-desc-text\">\r\n\t\t\t\tUn chiria\u0219 fericit este un chiria\u0219 care r\u0103m\u00e2ne. Dar ce&hellip;\t\t\t<\/div>\r\n\t\t\t\t\t<\/div>\r\n\t<\/div>\r\n<\/div><\/article><article class=\"pbmit-ele pbmit-ele-blog pbmit-blog-style-1 col-md-4 servicii-financiare pbmit-term-2 pbmit-odd pbmit-col-odd\"><div class=\"post-item\">\r\n\t<div class=\"pbmit-featured-container\">\r\n\t\t<div class=\"pbmit-featured-img-wrapper\"><div class=\"pbmit-featured-wrapper\"><a href=\"https:\/\/hmmanagement.ro\/en\/2025\/01\/30\/cum-sa-iti-optimizezi-activitatea-cu-ajutorul-serviciilor-financiare-profesioniste\/\"><img decoding=\"async\" width=\"800\" height=\"700\" src=\"https:\/\/hmmanagement.ro\/wp-content\/uploads\/2025\/01\/blog-1-800x700.jpg\" class=\"attachment-pbmit-img-800x700 size-pbmit-img-800x700 wp-post-image\" alt=\"\" srcset=\"https:\/\/hmmanagement.ro\/wp-content\/uploads\/2025\/01\/blog-1-800x700.jpg 800w, https:\/\/hmmanagement.ro\/wp-content\/uploads\/2025\/01\/blog-1-890x780.jpg 890w\" sizes=\"(max-width: 800px) 100vw, 800px\" \/><\/a><\/div><\/div>\t<\/div>\r\n\t<div class=\"pbminfotech-box-content\">\r\n\t\t<div class=\"pbmit-meta-container\">\r\n\t\t\t<span class=\"pbmit-date-wrapper pbmit-meta-line\">\r\n\t\t\t\t<span class=\"pbmit-post-date\">January . 30 . 2025<\/span>\r\n\t\t\t<\/span>\r\n\t\t\t<span class=\"pbmit-meta-category pbmit-meta-line\"><a href=\"https:\/\/hmmanagement.ro\/en\/category\/servicii-financiare\/\" rel=\"category tag\">Financial Services<\/a><\/span>\r\n\t\t<\/div>\r\n\t\t<div class=\"pbmit-box-content-wrapper\">\t\r\n\t\t\t<h3 class=\"pbmit-post-title\"><a href=\"https:\/\/hmmanagement.ro\/en\/2025\/01\/30\/cum-sa-iti-optimizezi-activitatea-cu-ajutorul-serviciilor-financiare-profesioniste\/\">How to Optimize Your Operations with Professional Financial Services<\/a><\/h3>\r\n\t\t\t<div class=\"pbminfotech-box-desc-text\">\r\n\t\t\t\tGestionarea financiar\u0103 este inima oric\u0103rei afaceri de succes. Fie c\u0103&hellip;\t\t\t<\/div>\r\n\t\t\t\t\t<\/div>\r\n\t<\/div>\r\n<\/div><\/article>\r\n\t\t\t\t<\/div> <!-- .swiper-wrapper -->\r\n\t\t\t<\/div> <!-- .pbmit-element-posts-wrapper -->\r\n\r\n\t\t\t\r\n\t\t\r\n\t\t\r\n\t\t<\/div><!-- .pbmit-element-inner -->   <\/div><!-- .pbminfotech-element -->  \r\n\t    \t\t\t\t<\/div>\n\t\t\t\t<\/div>\n\t\t\t\t\t<\/div>\n\t\t<\/div>\n\t\t\t\t\t<\/div>\n\t\t<\/div>\n\t\t\t\t<\/div>","protected":false},"excerpt":{"rendered":"<p>{&#8222;cpt&#8221;:&#8221;blog&#8221;,&#8221;style&#8221;:&#8221;1&#8243;,&#8221;columns&#8221;:&#8221;3&#8243;,&#8221;show&#8221;:9,&#8221;order&#8221;:&#8221;DESC&#8221;,&#8221;orderby&#8221;:&#8221;DESC&#8221;} May . 17 . 2022 Child Law Divorce in the UK today Performance marketing may involve using various types of digital marketing&hellip; April . 25 . 2022 Family Law Week family law Domestic Performance marketing may involve using various types of digital marketing&hellip; April . 08 . 2022 Criminal Law Flexibility of marriage in [&hellip;]<\/p>","protected":false},"author":1,"featured_media":0,"parent":0,"menu_order":99,"comment_status":"closed","ping_status":"closed","template":"","meta":{"_acf_changed":false,"footnotes":""},"class_list":["post-80","page","type-page","status-publish","hentry"],"acf":[],"_links":{"self":[{"href":"https:\/\/hmmanagement.ro\/en\/wp-json\/wp\/v2\/pages\/80","targetHints":{"allow":["GET"]}}],"collection":[{"href":"https:\/\/hmmanagement.ro\/en\/wp-json\/wp\/v2\/pages"}],"about":[{"href":"https:\/\/hmmanagement.ro\/en\/wp-json\/wp\/v2\/types\/page"}],"author":[{"embeddable":true,"href":"https:\/\/hmmanagement.ro\/en\/wp-json\/wp\/v2\/users\/1"}],"replies":[{"embeddable":true,"href":"https:\/\/hmmanagement.ro\/en\/wp-json\/wp\/v2\/comments?post=80"}],"version-history":[{"count":1,"href":"https:\/\/hmmanagement.ro\/en\/wp-json\/wp\/v2\/pages\/80\/revisions"}],"predecessor-version":[{"id":281,"href":"https:\/\/hmmanagement.ro\/en\/wp-json\/wp\/v2\/pages\/80\/revisions\/281"}],"wp:attachment":[{"href":"https:\/\/hmmanagement.ro\/en\/wp-json\/wp\/v2\/media?parent=80"}],"curies":[{"name":"wp","href":"https:\/\/api.w.org\/{rel}","templated":true}]}}